{"id":51,"date":"2023-03-06T13:05:04","date_gmt":"2023-03-06T12:05:04","guid":{"rendered":"https:\/\/kgtriersued.cityfit.de\/wordpress\/index.php\/membership-login\/password-reset\/"},"modified":"2024-05-05T16:06:06","modified_gmt":"2024-05-05T15:06:06","slug":"password-reset","status":"publish","type":"page","link":"https:\/\/www.kg-trier-sued.de\/index.php\/membership-login\/password-reset\/","title":{"rendered":"Passwort zur\u00fccksetzen"},"content":{"rendered":"<div class='gt3_row-fluid'><div style='padding-bottom:40px;' class='gt3_col12 first-module module_number_1 module_cont  module_title'><div class='bg_title'><h1 style='color:#ffffff;' class='headInModule'>_<\/h1><\/div><\/div><!-- .module_cont --><\/div><div class='gt3_row-fluid'><div style='padding-bottom:40px;' class='gt3_col12  module_number_2 module_cont  module_text_area'>\n                <div class='module_content'>\n                    \n                <\/div><\/div><!-- .module_cont --><\/div><div class='gt3_row-fluid'><div style='padding-bottom:40px;' class='gt3_col12  module_number_3 module_cont  module_text_area'>\n                <div class='module_content'>\n                    <p><strong><div class=\"um um-password um-um_password_id\">\n\t<div class=\"um-form\">\n\t\t<form method=\"post\" action=\"\">\n\t\t\t\n\t\t\t\t<input type=\"hidden\" name=\"_um_password_reset\" id=\"_um_password_reset\" value=\"1\" \/>\n\n\t\t\t\t\t\t\t\t\t<div class=\"um-field um-field-block um-field-type_block\">\n\t\t\t\t\t\t<div class=\"um-field-block\">\n\t\t\t\t\t\t\t<div style=\"text-align:center;\">\n\t\t\t\t\t\t\t\tUm dein Passwort zur\u00fcckzusetzen, gib bitte unten deine E-Mail-Adresse oder deinen Benutzernamen ein.\t\t\t\t\t\t\t<\/div>\n\t\t\t\t\t\t<\/div>\n\t\t\t\t\t<\/div>\n\t\t\t\t\t<div  id=\"um_field_0_username_b\" class=\"um-field um-field-text  um-field-username_b um-field-text um-field-type_text\" data-key=\"username_b\"><div class=\"um-field-area\"><input  autocomplete=\"off\" class=\"um-form-field valid \" type=\"text\" name=\"username_b\" id=\"username_b\" value=\"\" placeholder=\"Gib deinen Benutzernamen oder deine E-Mail-Adresse ein\" data-validate=\"\" data-key=\"username_b\"  aria-invalid=\"false\" \/>\n\n\t\t\t\t\t\t<\/div><\/div>\t\t\t\t<div class=\"um-col-alt um-col-alt-b\">\n\t\t\t\t\t<div class=\"um-center\">\n\t\t\t\t\t\t<input type=\"submit\" value=\"Passwort zur\u00fccksetzen\" class=\"um-button\" id=\"um-submit-btn\" \/>\n\t\t\t\t\t<\/div>\n\t\t\t\t\t<div class=\"um-clear\"><\/div>\n\t\t\t\t<\/div>\n\t\t\t\t\t<input type=\"hidden\" name=\"form_id\" id=\"form_id_um_password_id\" value=\"um_password_id\" \/>\n\t\t<p class=\"um_request_name\">\n\t\t<label for=\"um_request_um_password_id\">Only fill in if you are not human<\/label>\n\t\t<input type=\"hidden\" name=\"um_request\" id=\"um_request_um_password_id\" class=\"input\" value=\"\" size=\"25\" autocomplete=\"off\" \/>\n\t<\/p>\n\t\t\t<\/form>\n\t<\/div>\n<\/div>\n<style>\n\t\t\t.um-um_password_id.um {\n\t\t\tmax-width: 450px;\n\t\t}\n\t\t<\/style>\n<\/strong><\/p>\n                <\/div><\/div><!-- .module_cont --><\/div>","protected":false},"excerpt":{"rendered":"<p>_ Um dein Passwort zur\u00fcckzusetzen, gib bitte unten deine E-Mail-Adresse oder deinen Benutzernamen ein. Only fill in if you are not human<\/p>\n","protected":false},"author":1,"featured_media":0,"parent":49,"menu_order":0,"comment_status":"closed","ping_status":"closed","template":"","meta":{"ngg_post_thumbnail":0,"footnotes":""},"class_list":["post-51","page","type-page","status-publish","hentry"],"yoast_head":"<!-- This site is optimized with the Yoast SEO plugin v26.4 - https:\/\/yoast.com\/wordpress\/plugins\/seo\/ -->\n<title>Passwort zur\u00fccksetzen - KG Trier-S\u00fcd 1923 e. V.<\/title>\n<meta name=\"robots\" content=\"index, follow, max-snippet:-1, max-image-preview:large, max-video-preview:-1\" \/>\n<link rel=\"canonical\" href=\"https:\/\/www.kg-trier-sued.de\/index.php\/membership-login\/password-reset\/\" \/>\n<meta property=\"og:locale\" content=\"de_DE\" \/>\n<meta property=\"og:type\" content=\"article\" \/>\n<meta property=\"og:title\" content=\"Passwort zur\u00fccksetzen - KG Trier-S\u00fcd 1923 e. V.\" \/>\n<meta property=\"og:description\" content=\"_ Um dein Passwort zur\u00fcckzusetzen, gib bitte unten deine E-Mail-Adresse oder deinen Benutzernamen ein. Only fill in if you are not human\" \/>\n<meta property=\"og:url\" content=\"https:\/\/www.kg-trier-sued.de\/index.php\/membership-login\/password-reset\/\" \/>\n<meta property=\"og:site_name\" content=\"KG Trier-S\u00fcd 1923 e. V.\" \/>\n<meta property=\"article:publisher\" content=\"https:\/\/www.facebook.com\/HalleamBach\" \/>\n<meta property=\"article:modified_time\" content=\"2024-05-05T15:06:06+00:00\" \/>\n<meta name=\"twitter:card\" content=\"summary_large_image\" \/>\n<script type=\"application\/ld+json\" class=\"yoast-schema-graph\">{\"@context\":\"https:\/\/schema.org\",\"@graph\":[{\"@type\":\"WebPage\",\"@id\":\"https:\/\/www.kg-trier-sued.de\/index.php\/membership-login\/password-reset\/\",\"url\":\"https:\/\/www.kg-trier-sued.de\/index.php\/membership-login\/password-reset\/\",\"name\":\"Passwort zur\u00fccksetzen - KG Trier-S\u00fcd 1923 e. V.\",\"isPartOf\":{\"@id\":\"https:\/\/www.kg-trier-sued.de\/#website\"},\"datePublished\":\"2023-03-06T12:05:04+00:00\",\"dateModified\":\"2024-05-05T15:06:06+00:00\",\"breadcrumb\":{\"@id\":\"https:\/\/www.kg-trier-sued.de\/index.php\/membership-login\/password-reset\/#breadcrumb\"},\"inLanguage\":\"de\",\"potentialAction\":[{\"@type\":\"ReadAction\",\"target\":[\"https:\/\/www.kg-trier-sued.de\/index.php\/membership-login\/password-reset\/\"]}]},{\"@type\":\"BreadcrumbList\",\"@id\":\"https:\/\/www.kg-trier-sued.de\/index.php\/membership-login\/password-reset\/#breadcrumb\",\"itemListElement\":[{\"@type\":\"ListItem\",\"position\":1,\"name\":\"Startseite\",\"item\":\"https:\/\/www.kg-trier-sued.de\/\"},{\"@type\":\"ListItem\",\"position\":2,\"name\":\"_l\u00f6_Mitglieder Anmeldung\",\"item\":\"https:\/\/www.kg-trier-sued.de\/index.php\/membership-login\/\"},{\"@type\":\"ListItem\",\"position\":3,\"name\":\"Passwort zur\u00fccksetzen\"}]},{\"@type\":\"WebSite\",\"@id\":\"https:\/\/www.kg-trier-sued.de\/#website\",\"url\":\"https:\/\/www.kg-trier-sued.de\/\",\"name\":\"KG Trier-S\u00fcd 1923 e. V.\",\"description\":\"\",\"potentialAction\":[{\"@type\":\"SearchAction\",\"target\":{\"@type\":\"EntryPoint\",\"urlTemplate\":\"https:\/\/www.kg-trier-sued.de\/?s={search_term_string}\"},\"query-input\":{\"@type\":\"PropertyValueSpecification\",\"valueRequired\":true,\"valueName\":\"search_term_string\"}}],\"inLanguage\":\"de\"}]}<\/script>\n<!-- \/ Yoast SEO plugin. -->","yoast_head_json":{"title":"Passwort zur\u00fccksetzen - KG Trier-S\u00fcd 1923 e. V.","robots":{"index":"index","follow":"follow","max-snippet":"max-snippet:-1","max-image-preview":"max-image-preview:large","max-video-preview":"max-video-preview:-1"},"canonical":"https:\/\/www.kg-trier-sued.de\/index.php\/membership-login\/password-reset\/","og_locale":"de_DE","og_type":"article","og_title":"Passwort zur\u00fccksetzen - KG Trier-S\u00fcd 1923 e. V.","og_description":"_ Um dein Passwort zur\u00fcckzusetzen, gib bitte unten deine E-Mail-Adresse oder deinen Benutzernamen ein. Only fill in if you are not human","og_url":"https:\/\/www.kg-trier-sued.de\/index.php\/membership-login\/password-reset\/","og_site_name":"KG Trier-S\u00fcd 1923 e. V.","article_publisher":"https:\/\/www.facebook.com\/HalleamBach","article_modified_time":"2024-05-05T15:06:06+00:00","twitter_card":"summary_large_image","schema":{"@context":"https:\/\/schema.org","@graph":[{"@type":"WebPage","@id":"https:\/\/www.kg-trier-sued.de\/index.php\/membership-login\/password-reset\/","url":"https:\/\/www.kg-trier-sued.de\/index.php\/membership-login\/password-reset\/","name":"Passwort zur\u00fccksetzen - KG Trier-S\u00fcd 1923 e. V.","isPartOf":{"@id":"https:\/\/www.kg-trier-sued.de\/#website"},"datePublished":"2023-03-06T12:05:04+00:00","dateModified":"2024-05-05T15:06:06+00:00","breadcrumb":{"@id":"https:\/\/www.kg-trier-sued.de\/index.php\/membership-login\/password-reset\/#breadcrumb"},"inLanguage":"de","potentialAction":[{"@type":"ReadAction","target":["https:\/\/www.kg-trier-sued.de\/index.php\/membership-login\/password-reset\/"]}]},{"@type":"BreadcrumbList","@id":"https:\/\/www.kg-trier-sued.de\/index.php\/membership-login\/password-reset\/#breadcrumb","itemListElement":[{"@type":"ListItem","position":1,"name":"Startseite","item":"https:\/\/www.kg-trier-sued.de\/"},{"@type":"ListItem","position":2,"name":"_l\u00f6_Mitglieder Anmeldung","item":"https:\/\/www.kg-trier-sued.de\/index.php\/membership-login\/"},{"@type":"ListItem","position":3,"name":"Passwort zur\u00fccksetzen"}]},{"@type":"WebSite","@id":"https:\/\/www.kg-trier-sued.de\/#website","url":"https:\/\/www.kg-trier-sued.de\/","name":"KG Trier-S\u00fcd 1923 e. V.","description":"","potentialAction":[{"@type":"SearchAction","target":{"@type":"EntryPoint","urlTemplate":"https:\/\/www.kg-trier-sued.de\/?s={search_term_string}"},"query-input":{"@type":"PropertyValueSpecification","valueRequired":true,"valueName":"search_term_string"}}],"inLanguage":"de"}]}},"_links":{"self":[{"href":"https:\/\/www.kg-trier-sued.de\/index.php\/wp-json\/wp\/v2\/pages\/51","targetHints":{"allow":["GET"]}}],"collection":[{"href":"https:\/\/www.kg-trier-sued.de\/index.php\/wp-json\/wp\/v2\/pages"}],"about":[{"href":"https:\/\/www.kg-trier-sued.de\/index.php\/wp-json\/wp\/v2\/types\/page"}],"author":[{"embeddable":true,"href":"https:\/\/www.kg-trier-sued.de\/index.php\/wp-json\/wp\/v2\/users\/1"}],"replies":[{"embeddable":true,"href":"https:\/\/www.kg-trier-sued.de\/index.php\/wp-json\/wp\/v2\/comments?post=51"}],"version-history":[{"count":0,"href":"https:\/\/www.kg-trier-sued.de\/index.php\/wp-json\/wp\/v2\/pages\/51\/revisions"}],"up":[{"embeddable":true,"href":"https:\/\/www.kg-trier-sued.de\/index.php\/wp-json\/wp\/v2\/pages\/49"}],"wp:attachment":[{"href":"https:\/\/www.kg-trier-sued.de\/index.php\/wp-json\/wp\/v2\/media?parent=51"}],"curies":[{"name":"wp","href":"https:\/\/api.w.org\/{rel}","templated":true}]}}