{"id":423,"date":"2023-07-06T14:02:13","date_gmt":"2023-07-06T13:02:13","guid":{"rendered":"https:\/\/kg-trier-sued.de\/?page_id=423"},"modified":"2024-04-21T17:29:36","modified_gmt":"2024-04-21T16:29:36","slug":"humoristen-saenger","status":"publish","type":"page","link":"https:\/\/www.kg-trier-sued.de\/index.php\/humoristen-saenger\/","title":{"rendered":"Humoristen &amp; S\u00e4nger"},"content":{"rendered":"<div class='gt3_row-fluid'><div style='padding-bottom:40px;' class='gt3_col12 first-module module_number_1 module_cont  module_text_area'>\n                <div class='module_content'>\n                    \n                <\/div><\/div><!-- .module_cont --><\/div><div class='gt3_row-fluid'><div style='padding-bottom:40px;' class='gt3_col12  module_number_2 module_cont  module_title'><div class='bg_title'><h3 style='' class='headInModule'>Humoristen & S\u00e4nger<\/h3><\/div><\/div><!-- .module_cont --><\/div><div class='gt3_row-fluid'><div style='padding-bottom:40px;' class='gt3_col4  module_number_3 module_cont  module_text_area'>\n                <div class='module_content'>\n                    <p class=\"MsoNormal\"><span style=\"font-family: Arial, sans-serif; font-size: 12pt;\"><strong><img fetchpriority=\"high\" decoding=\"async\" src=\"\/wp-content\/uploads\/2023\/11\/Friedchen_Roeschen.jpg\" alt=\"\" width=\"400\" height=\"265\" \/><\/strong><\/span><\/p>\r\n<p class=\"MsoNormal\"><span style=\"font-family: Arial, sans-serif; font-size: 12pt;\"><strong>Friedchen &amp; R&ouml;schen<\/strong><br \/>Vanessa Wagner,&nbsp;<\/span><span style=\"font-family: Arial, sans-serif; font-size: 16px;\">Corinna Forster<\/span><\/p>\n                <\/div><\/div><!-- .module_cont --><div style='padding-bottom:40px;' class='gt3_col4  module_number_4 module_cont  module_text_area'>\n                <div class='module_content'>\n                    <p><strong style=\"font-family: Arial, sans-serif; font-size: 16px;\"><img decoding=\"async\" src=\"\/wp-content\/uploads\/2023\/11\/Drei-Damen-vom-Grill.jpg\" alt=\"\" width=\"400\" height=\"266\" \/><\/strong><\/p>\r\n<p><strong style=\"font-family: Arial, sans-serif; font-size: 16px;\">Drei Damen vom Grill<\/strong><br style=\"font-family: Arial, sans-serif; font-size: 16px;\" \/><span style=\"font-family: Arial, sans-serif; font-size: 16px;\">Melanie Erasme, Regina Glischke, Uli Glischke,&nbsp;<\/span><span style=\"font-family: Arial, sans-serif; font-size: 16px;\">Gudrun Brode<\/span><\/p>\n                <\/div><\/div><!-- .module_cont --><div style='padding-bottom:40px;' class='gt3_col4  module_number_5 module_cont  module_text_area'>\n                <div class='module_content'>\n                    \n                <\/div><\/div><!-- .module_cont --><\/div><div class='gt3_row-fluid'><div style='padding-bottom:40px;' class='gt3_col4  module_number_6 module_cont  module_text_area'>\n                <div class='module_content'>\n                    <p><strong style=\"font-family: Arial, sans-serif; font-size: 16px;\"><img decoding=\"async\" src=\"\/wp-content\/uploads\/2024\/04\/Monika-Urbanek.jpg\" alt=\"\" width=\"148\" height=\"228\" \/><\/strong><\/p>\r\n<p><strong style=\"font-family: Arial, sans-serif; font-size: 16px;\">S&auml;ngerin:<\/strong><br style=\"font-family: Arial, sans-serif; font-size: 16px;\" \/><span style=\"font-family: Arial, sans-serif; font-size: 16px;\">Monika Urbanek<\/span><\/p>\n                <\/div><\/div><!-- .module_cont --><div style='padding-bottom:40px;' class='gt3_col4  module_number_7 module_cont  module_text_area'>\n                <div class='module_content'>\n                    <p><strong style=\"font-family: Arial, sans-serif; font-size: 16px;\"><img loading=\"lazy\" decoding=\"async\" src=\"\/wp-content\/uploads\/2024\/04\/Andreas-Fischer-scaled.jpg\" alt=\"\" width=\"240\" height=\"229\" \/><\/strong><\/p>\r\n<p><strong style=\"font-family: Arial, sans-serif; font-size: 16px;\">S&auml;nger:<\/strong><br style=\"font-family: Arial, sans-serif; font-size: 16px;\" \/><span style=\"font-family: Arial, sans-serif; font-size: 16px;\">Andreas Fischer<\/span><\/p>\n                <\/div><\/div><!-- .module_cont --><\/div>","protected":false},"excerpt":{"rendered":"<p>Humoristen &#038; S\u00e4nger Friedchen &amp; R&ouml;schenVanessa Wagner,&nbsp;Corinna Forster Drei Damen vom GrillMelanie Erasme, Regina Glischke, Uli Glischke,&nbsp;Gudrun Brode S&auml;ngerin:Monika Urbanek S&auml;nger:Andreas Fischer<\/p>\n","protected":false},"author":1,"featured_media":0,"parent":0,"menu_order":0,"comment_status":"closed","ping_status":"closed","template":"","meta":{"ngg_post_thumbnail":0,"footnotes":""},"class_list":["post-423","page","type-page","status-publish","hentry"],"yoast_head":"<!-- This site is optimized with the Yoast SEO plugin v26.4 - https:\/\/yoast.com\/wordpress\/plugins\/seo\/ -->\n<title>Humoristen &amp; S\u00e4nger - KG Trier-S\u00fcd 1923 e. V.<\/title>\n<meta name=\"robots\" content=\"index, follow, max-snippet:-1, max-image-preview:large, max-video-preview:-1\" \/>\n<link rel=\"canonical\" href=\"https:\/\/www.kg-trier-sued.de\/index.php\/humoristen-saenger\/\" \/>\n<meta property=\"og:locale\" content=\"de_DE\" \/>\n<meta property=\"og:type\" content=\"article\" \/>\n<meta property=\"og:title\" content=\"Humoristen &amp; S\u00e4nger - KG Trier-S\u00fcd 1923 e. V.\" \/>\n<meta property=\"og:description\" content=\"Humoristen &amp; S\u00e4nger Friedchen &amp; R&ouml;schenVanessa Wagner,&nbsp;Corinna Forster Drei Damen vom GrillMelanie Erasme, Regina Glischke, Uli Glischke,&nbsp;Gudrun Brode S&auml;ngerin:Monika Urbanek S&auml;nger:Andreas Fischer\" \/>\n<meta property=\"og:url\" content=\"https:\/\/www.kg-trier-sued.de\/index.php\/humoristen-saenger\/\" \/>\n<meta property=\"og:site_name\" content=\"KG Trier-S\u00fcd 1923 e. V.\" \/>\n<meta property=\"article:publisher\" content=\"https:\/\/www.facebook.com\/HalleamBach\" \/>\n<meta property=\"article:modified_time\" content=\"2024-04-21T16:29:36+00:00\" \/>\n<meta name=\"twitter:card\" content=\"summary_large_image\" \/>\n<script type=\"application\/ld+json\" class=\"yoast-schema-graph\">{\"@context\":\"https:\/\/schema.org\",\"@graph\":[{\"@type\":\"WebPage\",\"@id\":\"https:\/\/www.kg-trier-sued.de\/index.php\/humoristen-saenger\/\",\"url\":\"https:\/\/www.kg-trier-sued.de\/index.php\/humoristen-saenger\/\",\"name\":\"Humoristen &amp; S\u00e4nger - KG Trier-S\u00fcd 1923 e. V.\",\"isPartOf\":{\"@id\":\"https:\/\/www.kg-trier-sued.de\/#website\"},\"datePublished\":\"2023-07-06T13:02:13+00:00\",\"dateModified\":\"2024-04-21T16:29:36+00:00\",\"breadcrumb\":{\"@id\":\"https:\/\/www.kg-trier-sued.de\/index.php\/humoristen-saenger\/#breadcrumb\"},\"inLanguage\":\"de\",\"potentialAction\":[{\"@type\":\"ReadAction\",\"target\":[\"https:\/\/www.kg-trier-sued.de\/index.php\/humoristen-saenger\/\"]}]},{\"@type\":\"BreadcrumbList\",\"@id\":\"https:\/\/www.kg-trier-sued.de\/index.php\/humoristen-saenger\/#breadcrumb\",\"itemListElement\":[{\"@type\":\"ListItem\",\"position\":1,\"name\":\"Startseite\",\"item\":\"https:\/\/www.kg-trier-sued.de\/\"},{\"@type\":\"ListItem\",\"position\":2,\"name\":\"Humoristen &amp; S\u00e4nger\"}]},{\"@type\":\"WebSite\",\"@id\":\"https:\/\/www.kg-trier-sued.de\/#website\",\"url\":\"https:\/\/www.kg-trier-sued.de\/\",\"name\":\"KG Trier-S\u00fcd 1923 e. V.\",\"description\":\"\",\"potentialAction\":[{\"@type\":\"SearchAction\",\"target\":{\"@type\":\"EntryPoint\",\"urlTemplate\":\"https:\/\/www.kg-trier-sued.de\/?s={search_term_string}\"},\"query-input\":{\"@type\":\"PropertyValueSpecification\",\"valueRequired\":true,\"valueName\":\"search_term_string\"}}],\"inLanguage\":\"de\"}]}<\/script>\n<!-- \/ Yoast SEO plugin. -->","yoast_head_json":{"title":"Humoristen &amp; S\u00e4nger - KG Trier-S\u00fcd 1923 e. V.","robots":{"index":"index","follow":"follow","max-snippet":"max-snippet:-1","max-image-preview":"max-image-preview:large","max-video-preview":"max-video-preview:-1"},"canonical":"https:\/\/www.kg-trier-sued.de\/index.php\/humoristen-saenger\/","og_locale":"de_DE","og_type":"article","og_title":"Humoristen &amp; S\u00e4nger - KG Trier-S\u00fcd 1923 e. V.","og_description":"Humoristen & S\u00e4nger Friedchen &amp; R&ouml;schenVanessa Wagner,&nbsp;Corinna Forster Drei Damen vom GrillMelanie Erasme, Regina Glischke, Uli Glischke,&nbsp;Gudrun Brode S&auml;ngerin:Monika Urbanek S&auml;nger:Andreas Fischer","og_url":"https:\/\/www.kg-trier-sued.de\/index.php\/humoristen-saenger\/","og_site_name":"KG Trier-S\u00fcd 1923 e. V.","article_publisher":"https:\/\/www.facebook.com\/HalleamBach","article_modified_time":"2024-04-21T16:29:36+00:00","twitter_card":"summary_large_image","schema":{"@context":"https:\/\/schema.org","@graph":[{"@type":"WebPage","@id":"https:\/\/www.kg-trier-sued.de\/index.php\/humoristen-saenger\/","url":"https:\/\/www.kg-trier-sued.de\/index.php\/humoristen-saenger\/","name":"Humoristen &amp; S\u00e4nger - KG Trier-S\u00fcd 1923 e. V.","isPartOf":{"@id":"https:\/\/www.kg-trier-sued.de\/#website"},"datePublished":"2023-07-06T13:02:13+00:00","dateModified":"2024-04-21T16:29:36+00:00","breadcrumb":{"@id":"https:\/\/www.kg-trier-sued.de\/index.php\/humoristen-saenger\/#breadcrumb"},"inLanguage":"de","potentialAction":[{"@type":"ReadAction","target":["https:\/\/www.kg-trier-sued.de\/index.php\/humoristen-saenger\/"]}]},{"@type":"BreadcrumbList","@id":"https:\/\/www.kg-trier-sued.de\/index.php\/humoristen-saenger\/#breadcrumb","itemListElement":[{"@type":"ListItem","position":1,"name":"Startseite","item":"https:\/\/www.kg-trier-sued.de\/"},{"@type":"ListItem","position":2,"name":"Humoristen &amp; S\u00e4nger"}]},{"@type":"WebSite","@id":"https:\/\/www.kg-trier-sued.de\/#website","url":"https:\/\/www.kg-trier-sued.de\/","name":"KG Trier-S\u00fcd 1923 e. V.","description":"","potentialAction":[{"@type":"SearchAction","target":{"@type":"EntryPoint","urlTemplate":"https:\/\/www.kg-trier-sued.de\/?s={search_term_string}"},"query-input":{"@type":"PropertyValueSpecification","valueRequired":true,"valueName":"search_term_string"}}],"inLanguage":"de"}]}},"_links":{"self":[{"href":"https:\/\/www.kg-trier-sued.de\/index.php\/wp-json\/wp\/v2\/pages\/423","targetHints":{"allow":["GET"]}}],"collection":[{"href":"https:\/\/www.kg-trier-sued.de\/index.php\/wp-json\/wp\/v2\/pages"}],"about":[{"href":"https:\/\/www.kg-trier-sued.de\/index.php\/wp-json\/wp\/v2\/types\/page"}],"author":[{"embeddable":true,"href":"https:\/\/www.kg-trier-sued.de\/index.php\/wp-json\/wp\/v2\/users\/1"}],"replies":[{"embeddable":true,"href":"https:\/\/www.kg-trier-sued.de\/index.php\/wp-json\/wp\/v2\/comments?post=423"}],"version-history":[{"count":0,"href":"https:\/\/www.kg-trier-sued.de\/index.php\/wp-json\/wp\/v2\/pages\/423\/revisions"}],"wp:attachment":[{"href":"https:\/\/www.kg-trier-sued.de\/index.php\/wp-json\/wp\/v2\/media?parent=423"}],"curies":[{"name":"wp","href":"https:\/\/api.w.org\/{rel}","templated":true}]}}