{"id":418,"date":"2023-07-06T13:55:09","date_gmt":"2023-07-06T12:55:09","guid":{"rendered":"https:\/\/kg-trier-sued.de\/?page_id=418"},"modified":"2024-08-05T17:28:22","modified_gmt":"2024-08-05T16:28:22","slug":"maennerbalett","status":"publish","type":"page","link":"https:\/\/www.kg-trier-sued.de\/index.php\/maennerbalett\/","title":{"rendered":"M\u00e4nnerbalett"},"content":{"rendered":"<div class='gt3_row-fluid'><div style='padding-bottom:40px;' class='gt3_col12 first-module module_number_1 module_cont  module_text_area'>\n                <div class='module_content'>\n                    \n                <\/div><\/div><!-- .module_cont --><\/div><div class='gt3_row-fluid'><div style='padding-bottom:40px;' class='gt3_col12  module_number_2 module_cont  module_title'><div class='bg_title'><h3 style='' class='headInModule'>Unser M\u00e4nnerbalett<\/h3><\/div><\/div><!-- .module_cont --><\/div><div class='gt3_row-fluid'><div style='padding-bottom:40px;' class='gt3_col4  module_number_3 module_cont  module_text_area'>\n                <div class='module_content'>\n                    <p class=\"MsoNormal\"><span style=\"font-family: Arial, sans-serif;\"><span style=\"font-size: 16px;\"><strong>Trainerin:<br \/><\/strong><\/span><\/span><span style=\"font-family: Arial, sans-serif;\"><span style=\"font-size: 16px;\">Marina Homann<\/span><\/span><\/p>\r\n<p class=\"MsoNormal\"><span style=\"font-family: Arial, sans-serif;\"><span style=\"font-size: 16px;\"><strong>Co-Trainerin:<br \/><\/strong><\/span><\/span><span style=\"font-family: Arial, sans-serif;\"><span style=\"font-size: 16px;\">Tanja B&ouml;nsel&nbsp;<\/span><\/span><\/p>\r\n<p class=\"MsoNormal\"><span style=\"font-family: Arial, sans-serif;\"><span style=\"font-size: 16px;\"><strong>Betreuer:<br \/><\/strong><\/span><\/span><span style=\"font-family: Arial, sans-serif;\"><span style=\"font-size: 16px;\">Hermann B&ouml;nsel&nbsp;<\/span><\/span><\/p>\r\n<p class=\"MsoNormal\"><span style=\"font-family: Arial, sans-serif;\"><span style=\"font-size: 16px;\"><strong>T&auml;nzer:<br \/><\/strong><\/span><\/span><span style=\"font-family: Arial, sans-serif;\"><span style=\"font-size: 16px;\">Christopher Heinzen<br \/><\/span><\/span><span style=\"font-family: Arial, sans-serif;\"><span style=\"font-size: 16px;\">Benjamin Keuchel<br \/><\/span><\/span><span style=\"font-family: Arial, sans-serif;\"><span style=\"font-size: 16px;\">Joshua Forster<br \/><\/span><\/span><span style=\"font-family: Arial, sans-serif;\"><span style=\"font-size: 16px;\">Frank Urbanek<br \/><\/span><\/span><span style=\"font-family: Arial, sans-serif;\"><span style=\"font-size: 16px;\">Rolf Sesterhenn<br \/><\/span><\/span><span style=\"font-family: Arial, sans-serif;\"><span style=\"font-size: 16px;\">Thorsten Homann<br \/>Christian Schneider<br \/>Florian Haubst<br \/>Markus Lentes<br \/>Matthias Urbanek<br \/><\/span><\/span><span style=\"font-family: Arial, sans-serif;\"><span style=\"font-size: 16px;\">Horst Urbanek<br \/><\/span><\/span><span style=\"font-family: Arial, sans-serif;\"><span style=\"font-size: 16px;\">Marius Reinland<\/span><\/span><\/p>\n                <\/div><\/div><!-- .module_cont --><div style='padding-bottom:40px;' class='gt3_col4  module_number_4 module_cont  module_text_area'>\n                <div class='module_content'>\n                    <p><img fetchpriority=\"high\" decoding=\"async\" src=\"\/wp-content\/uploads\/2023\/10\/IMG_0381-scaled-e1697983426475.jpg\" alt=\"\" width=\"500\" height=\"379\" \/><\/p>\n                <\/div><\/div><!-- .module_cont --><div style='padding-bottom:40px;' class='gt3_col4  module_number_5 module_cont  module_text_area'>\n                <div class='module_content'>\n                    <p><img decoding=\"async\" src=\"\/wp-content\/uploads\/2023\/12\/Maennerbalett.jpg\" alt=\"\" width=\"500\" height=\"658\" \/><\/p>\n                <\/div><\/div><!-- .module_cont --><\/div>","protected":false},"excerpt":{"rendered":"<p>Unser M\u00e4nnerbalett Trainerin:Marina Homann Co-Trainerin:Tanja B&ouml;nsel&nbsp; Betreuer:Hermann B&ouml;nsel&nbsp; T&auml;nzer:Christopher HeinzenBenjamin KeuchelJoshua ForsterFrank UrbanekRolf SesterhennThorsten HomannChristian SchneiderFlorian HaubstMarkus LentesMatthias UrbanekHorst UrbanekMarius Reinland<\/p>\n","protected":false},"author":1,"featured_media":0,"parent":0,"menu_order":0,"comment_status":"closed","ping_status":"closed","template":"","meta":{"ngg_post_thumbnail":0,"footnotes":""},"class_list":["post-418","page","type-page","status-publish","hentry"],"yoast_head":"<!-- This site is optimized with the Yoast SEO plugin v26.4 - https:\/\/yoast.com\/wordpress\/plugins\/seo\/ -->\n<title>M\u00e4nnerbalett - KG Trier-S\u00fcd 1923 e. V.<\/title>\n<meta name=\"robots\" content=\"index, follow, max-snippet:-1, max-image-preview:large, max-video-preview:-1\" \/>\n<link rel=\"canonical\" href=\"https:\/\/www.kg-trier-sued.de\/index.php\/maennerbalett\/\" \/>\n<meta property=\"og:locale\" content=\"de_DE\" \/>\n<meta property=\"og:type\" content=\"article\" \/>\n<meta property=\"og:title\" content=\"M\u00e4nnerbalett - KG Trier-S\u00fcd 1923 e. V.\" \/>\n<meta property=\"og:description\" content=\"Unser M\u00e4nnerbalett Trainerin:Marina Homann Co-Trainerin:Tanja B&ouml;nsel&nbsp; Betreuer:Hermann B&ouml;nsel&nbsp; T&auml;nzer:Christopher HeinzenBenjamin KeuchelJoshua ForsterFrank UrbanekRolf SesterhennThorsten HomannChristian SchneiderFlorian HaubstMarkus LentesMatthias UrbanekHorst UrbanekMarius Reinland\" \/>\n<meta property=\"og:url\" content=\"https:\/\/www.kg-trier-sued.de\/index.php\/maennerbalett\/\" \/>\n<meta property=\"og:site_name\" content=\"KG Trier-S\u00fcd 1923 e. V.\" \/>\n<meta property=\"article:publisher\" content=\"https:\/\/www.facebook.com\/HalleamBach\" \/>\n<meta property=\"article:modified_time\" content=\"2024-08-05T16:28:22+00:00\" \/>\n<meta name=\"twitter:card\" content=\"summary_large_image\" \/>\n<script type=\"application\/ld+json\" class=\"yoast-schema-graph\">{\"@context\":\"https:\/\/schema.org\",\"@graph\":[{\"@type\":\"WebPage\",\"@id\":\"https:\/\/www.kg-trier-sued.de\/index.php\/maennerbalett\/\",\"url\":\"https:\/\/www.kg-trier-sued.de\/index.php\/maennerbalett\/\",\"name\":\"M\u00e4nnerbalett - KG Trier-S\u00fcd 1923 e. V.\",\"isPartOf\":{\"@id\":\"https:\/\/www.kg-trier-sued.de\/#website\"},\"datePublished\":\"2023-07-06T12:55:09+00:00\",\"dateModified\":\"2024-08-05T16:28:22+00:00\",\"breadcrumb\":{\"@id\":\"https:\/\/www.kg-trier-sued.de\/index.php\/maennerbalett\/#breadcrumb\"},\"inLanguage\":\"de\",\"potentialAction\":[{\"@type\":\"ReadAction\",\"target\":[\"https:\/\/www.kg-trier-sued.de\/index.php\/maennerbalett\/\"]}]},{\"@type\":\"BreadcrumbList\",\"@id\":\"https:\/\/www.kg-trier-sued.de\/index.php\/maennerbalett\/#breadcrumb\",\"itemListElement\":[{\"@type\":\"ListItem\",\"position\":1,\"name\":\"Startseite\",\"item\":\"https:\/\/www.kg-trier-sued.de\/\"},{\"@type\":\"ListItem\",\"position\":2,\"name\":\"M\u00e4nnerbalett\"}]},{\"@type\":\"WebSite\",\"@id\":\"https:\/\/www.kg-trier-sued.de\/#website\",\"url\":\"https:\/\/www.kg-trier-sued.de\/\",\"name\":\"KG Trier-S\u00fcd 1923 e. V.\",\"description\":\"\",\"potentialAction\":[{\"@type\":\"SearchAction\",\"target\":{\"@type\":\"EntryPoint\",\"urlTemplate\":\"https:\/\/www.kg-trier-sued.de\/?s={search_term_string}\"},\"query-input\":{\"@type\":\"PropertyValueSpecification\",\"valueRequired\":true,\"valueName\":\"search_term_string\"}}],\"inLanguage\":\"de\"}]}<\/script>\n<!-- \/ Yoast SEO plugin. -->","yoast_head_json":{"title":"M\u00e4nnerbalett - KG Trier-S\u00fcd 1923 e. V.","robots":{"index":"index","follow":"follow","max-snippet":"max-snippet:-1","max-image-preview":"max-image-preview:large","max-video-preview":"max-video-preview:-1"},"canonical":"https:\/\/www.kg-trier-sued.de\/index.php\/maennerbalett\/","og_locale":"de_DE","og_type":"article","og_title":"M\u00e4nnerbalett - KG Trier-S\u00fcd 1923 e. V.","og_description":"Unser M\u00e4nnerbalett Trainerin:Marina Homann Co-Trainerin:Tanja B&ouml;nsel&nbsp; Betreuer:Hermann B&ouml;nsel&nbsp; T&auml;nzer:Christopher HeinzenBenjamin KeuchelJoshua ForsterFrank UrbanekRolf SesterhennThorsten HomannChristian SchneiderFlorian HaubstMarkus LentesMatthias UrbanekHorst UrbanekMarius Reinland","og_url":"https:\/\/www.kg-trier-sued.de\/index.php\/maennerbalett\/","og_site_name":"KG Trier-S\u00fcd 1923 e. V.","article_publisher":"https:\/\/www.facebook.com\/HalleamBach","article_modified_time":"2024-08-05T16:28:22+00:00","twitter_card":"summary_large_image","schema":{"@context":"https:\/\/schema.org","@graph":[{"@type":"WebPage","@id":"https:\/\/www.kg-trier-sued.de\/index.php\/maennerbalett\/","url":"https:\/\/www.kg-trier-sued.de\/index.php\/maennerbalett\/","name":"M\u00e4nnerbalett - KG Trier-S\u00fcd 1923 e. V.","isPartOf":{"@id":"https:\/\/www.kg-trier-sued.de\/#website"},"datePublished":"2023-07-06T12:55:09+00:00","dateModified":"2024-08-05T16:28:22+00:00","breadcrumb":{"@id":"https:\/\/www.kg-trier-sued.de\/index.php\/maennerbalett\/#breadcrumb"},"inLanguage":"de","potentialAction":[{"@type":"ReadAction","target":["https:\/\/www.kg-trier-sued.de\/index.php\/maennerbalett\/"]}]},{"@type":"BreadcrumbList","@id":"https:\/\/www.kg-trier-sued.de\/index.php\/maennerbalett\/#breadcrumb","itemListElement":[{"@type":"ListItem","position":1,"name":"Startseite","item":"https:\/\/www.kg-trier-sued.de\/"},{"@type":"ListItem","position":2,"name":"M\u00e4nnerbalett"}]},{"@type":"WebSite","@id":"https:\/\/www.kg-trier-sued.de\/#website","url":"https:\/\/www.kg-trier-sued.de\/","name":"KG Trier-S\u00fcd 1923 e. V.","description":"","potentialAction":[{"@type":"SearchAction","target":{"@type":"EntryPoint","urlTemplate":"https:\/\/www.kg-trier-sued.de\/?s={search_term_string}"},"query-input":{"@type":"PropertyValueSpecification","valueRequired":true,"valueName":"search_term_string"}}],"inLanguage":"de"}]}},"_links":{"self":[{"href":"https:\/\/www.kg-trier-sued.de\/index.php\/wp-json\/wp\/v2\/pages\/418","targetHints":{"allow":["GET"]}}],"collection":[{"href":"https:\/\/www.kg-trier-sued.de\/index.php\/wp-json\/wp\/v2\/pages"}],"about":[{"href":"https:\/\/www.kg-trier-sued.de\/index.php\/wp-json\/wp\/v2\/types\/page"}],"author":[{"embeddable":true,"href":"https:\/\/www.kg-trier-sued.de\/index.php\/wp-json\/wp\/v2\/users\/1"}],"replies":[{"embeddable":true,"href":"https:\/\/www.kg-trier-sued.de\/index.php\/wp-json\/wp\/v2\/comments?post=418"}],"version-history":[{"count":0,"href":"https:\/\/www.kg-trier-sued.de\/index.php\/wp-json\/wp\/v2\/pages\/418\/revisions"}],"wp:attachment":[{"href":"https:\/\/www.kg-trier-sued.de\/index.php\/wp-json\/wp\/v2\/media?parent=418"}],"curies":[{"name":"wp","href":"https:\/\/api.w.org\/{rel}","templated":true}]}}