{"id":11348,"date":"2025-01-29T13:10:19","date_gmt":"2025-01-29T12:10:19","guid":{"rendered":"https:\/\/www.kg-trier-sued.de\/?page_id=11348"},"modified":"2025-01-30T07:18:31","modified_gmt":"2025-01-30T06:18:31","slug":"infos-zur-vereinsbekleidung","status":"publish","type":"page","link":"https:\/\/www.kg-trier-sued.de\/index.php\/infos-zur-vereinsbekleidung\/","title":{"rendered":"Infos zur Vereinsbekleidung"},"content":{"rendered":"\n<p>Bei Thomas Koch in Euren kann auf Wunsch direkt die gew\u00fcnschte Vereinskleidung bestellt werden. <br>Bestellung und Bezahlung erfolgt durch jeden selbst direkt vor Ort.<\/p>\n\n\n\n<p>Thomas Koch Berufsbekleidung Berufsbekleidung GmbH &amp; Co. KG Zentrale<br>Ottostra\u00dfe 27<br>54294 Trier<br><br>Alle Preise ohne Gew\u00e4hr (Preiserh\u00f6hungen seitens Firma Koch vorbehalten). Alle Preise verstehen sich zzgl. 19 % MwSt.<\/p>\n\n\n\n<hr class=\"wp-block-separator has-alpha-channel-opacity\"\/>\n\n\n\n<h2 class=\"wp-block-heading\">Preistabelle Herren<\/h2>\n\n\n\n<figure class=\"wp-block-table\"><table class=\"has-fixed-layout\"><tbody><tr><td><strong>Produkt<\/strong><\/td><td class=\"has-text-align-center\" data-align=\"center\"><strong>Gr\u00f6\u00dfe<\/strong><\/td><td class=\"has-text-align-right\" data-align=\"right\"><strong>Preis nur Logo<\/strong><\/td><td class=\"has-text-align-right\" data-align=\"right\"><strong>Preis Logo und Schrift<\/strong><\/td><\/tr><tr><td>Polo-Shirt schwarz<\/td><td class=\"has-text-align-center\" data-align=\"center\">xs &#8211; 2xl<\/td><td class=\"has-text-align-right\" data-align=\"right\">30,75 \u20ac<\/td><td class=\"has-text-align-right\" data-align=\"right\">37,75 \u20ac<\/td><\/tr><tr><td>Polo-Shirt schwarz<\/td><td class=\"has-text-align-center\" data-align=\"center\">3xl &#8211; 4xl<\/td><td class=\"has-text-align-right\" data-align=\"right\">32,74 \u20ac<\/td><td class=\"has-text-align-right\" data-align=\"right\">39,74 \u20ac<\/td><\/tr><tr><td>Polo-Shirt schwarz<\/td><td class=\"has-text-align-center\" data-align=\"center\">5xl &#8211; 6xl<\/td><td class=\"has-text-align-right\" data-align=\"right\">35,23 \u20ac<\/td><td class=\"has-text-align-right\" data-align=\"right\">42,23 \u20ac<\/td><\/tr><tr><td>Polo-Shirt wei\u00df<\/td><td class=\"has-text-align-center\" data-align=\"center\">xs &#8211; 2xl<\/td><td class=\"has-text-align-right\" data-align=\"right\">28,98 \u20ac<\/td><td class=\"has-text-align-right\" data-align=\"right\">35,98 \u20ac<\/td><\/tr><tr><td>Polo-Shirt wei\u00df<\/td><td class=\"has-text-align-center\" data-align=\"center\">3xl &#8211; 4xl<\/td><td class=\"has-text-align-right\" data-align=\"right\">30,81 \u20ac<\/td><td class=\"has-text-align-right\" data-align=\"right\">37,81 \u20ac<\/td><\/tr><tr><td>Polo-Shirt wei\u00df<\/td><td class=\"has-text-align-center\" data-align=\"center\">5xl &#8211; 6xl<\/td><td class=\"has-text-align-right\" data-align=\"right\">33,11 \u20ac<\/td><td class=\"has-text-align-right\" data-align=\"right\">40,11 \u20ac<\/td><\/tr><tr><td>T-Shirt schwarz<\/td><td class=\"has-text-align-center\" data-align=\"center\">xs &#8211; 2xl<\/td><td class=\"has-text-align-right\" data-align=\"right\">18,24 \u20ac<\/td><td class=\"has-text-align-right\" data-align=\"right\">25,24 \u20ac<\/td><\/tr><tr><td>T-Shirt schwarz<\/td><td class=\"has-text-align-center\" data-align=\"center\">3xl &#8211; 4xl<\/td><td class=\"has-text-align-right\" data-align=\"right\">19,23 \u20ac<\/td><td class=\"has-text-align-right\" data-align=\"right\">26,23 \u20ac<\/td><\/tr><tr><td>T-Shirt schwarz<\/td><td class=\"has-text-align-center\" data-align=\"center\">5xl &#8211; 6xl<\/td><td class=\"has-text-align-right\" data-align=\"right\">20,22 \u20ac<\/td><td class=\"has-text-align-right\" data-align=\"right\">27,22 \u20ac<\/td><\/tr><tr><td>T-Shirt wei\u00df<\/td><td class=\"has-text-align-center\" data-align=\"center\">xs &#8211; 2xl<\/td><td class=\"has-text-align-right\" data-align=\"right\">17,40 \u20ac<\/td><td class=\"has-text-align-right\" data-align=\"right\">24,40 \u20ac<\/td><\/tr><tr><td>T-Shirt wei\u00df<\/td><td class=\"has-text-align-center\" data-align=\"center\">3xl &#8211; 4xl<\/td><td class=\"has-text-align-right\" data-align=\"right\">18,30 \u20ac<\/td><td class=\"has-text-align-right\" data-align=\"right\">25,30 \u20ac<\/td><\/tr><tr><td>T-Shirt wei\u00df<\/td><td class=\"has-text-align-center\" data-align=\"center\">5xl &#8211; 6xl<\/td><td class=\"has-text-align-right\" data-align=\"right\">19,21 \u20ac<\/td><td class=\"has-text-align-right\" data-align=\"right\">26,21 \u20ac<\/td><\/tr><tr><td>Sweat Jacke schwarz<\/td><td class=\"has-text-align-center\" data-align=\"center\">xs &#8211; 2xl<\/td><td class=\"has-text-align-right\" data-align=\"right\">51,69 \u20ac<\/td><td class=\"has-text-align-right\" data-align=\"right\">58,69 \u20ac<\/td><\/tr><tr><td>Sweat Jacke schwarz<\/td><td class=\"has-text-align-center\" data-align=\"center\">3xl &#8211; 4xl<\/td><td class=\"has-text-align-right\" data-align=\"right\">56,02 \u20ac<\/td><td class=\"has-text-align-right\" data-align=\"right\">63,02 \u20ac<\/td><\/tr><tr><td>Sweat Jacke schwarz<\/td><td class=\"has-text-align-center\" data-align=\"center\">5xl &#8211; 6xl<\/td><td class=\"has-text-align-right\" data-align=\"right\">60,90 \u20ac<\/td><td class=\"has-text-align-right\" data-align=\"right\">67,90 \u20ac<\/td><\/tr><tr><td>Sweat Jacke wei\u00df<\/td><td class=\"has-text-align-center\" data-align=\"center\">xs &#8211; 2xl<\/td><td class=\"has-text-align-right\" data-align=\"right\">54,69 \u20ac<\/td><td class=\"has-text-align-right\" data-align=\"right\">58,69 \u20ac<\/td><\/tr><tr><td>Sweat Jacke wei\u00df<\/td><td class=\"has-text-align-center\" data-align=\"center\">3xl &#8211; 4xl<\/td><td class=\"has-text-align-right\" data-align=\"right\">56,02 \u20ac<\/td><td class=\"has-text-align-right\" data-align=\"right\">63,02 \u20ac<\/td><\/tr><tr><td>Sweat Jacke wei\u00df<\/td><td class=\"has-text-align-center\" data-align=\"center\">5xl &#8211; 6xl<\/td><td class=\"has-text-align-right\" data-align=\"right\">60,90 \u20ac<\/td><td class=\"has-text-align-right\" data-align=\"right\">67,90 \u20ac<\/td><\/tr><tr><td>Kapuzen Sweat<\/td><td class=\"has-text-align-center\" data-align=\"center\">xs &#8211; 2xl<\/td><td class=\"has-text-align-right\" data-align=\"right\">64,80 \u20ac<\/td><td class=\"has-text-align-right\" data-align=\"right\">71,80 \u20ac<\/td><\/tr><tr><td>Kapuzen Sweat<\/td><td class=\"has-text-align-center\" data-align=\"center\">3xl &#8211; 4xl<\/td><td class=\"has-text-align-right\" data-align=\"right\">70,45 \u20ac<\/td><td class=\"has-text-align-right\" data-align=\"right\">77,45 \u20ac<\/td><\/tr><tr><td>Softshell Jacke<\/td><td class=\"has-text-align-center\" data-align=\"center\">xs &#8211; 2xl<\/td><td class=\"has-text-align-right\" data-align=\"right\">73,26 \u20ac<\/td><td class=\"has-text-align-right\" data-align=\"right\">80,26 \u20ac<\/td><\/tr><tr><td>Softshell Jacke<\/td><td class=\"has-text-align-center\" data-align=\"center\">3xl &#8211; 4xl<\/td><td class=\"has-text-align-right\" data-align=\"right\">79,75 \u20ac<\/td><td class=\"has-text-align-right\" data-align=\"right\">86,75 \u20ac<\/td><\/tr><tr><td>Softshell Jacke<\/td><td class=\"has-text-align-center\" data-align=\"center\">5xl &#8211; 6xl<\/td><td class=\"has-text-align-right\" data-align=\"right\">86,74 \u20ac<\/td><td class=\"has-text-align-right\" data-align=\"right\">93,74 \u20ac<\/td><\/tr><\/tbody><\/table><\/figure>\n\n\n\n<h2 class=\"wp-block-heading\">Preistabelle Damen<\/h2>\n\n\n\n<figure class=\"wp-block-table\"><table class=\"has-fixed-layout\"><tbody><tr><td><strong>Produkt<\/strong><\/td><td class=\"has-text-align-center\" data-align=\"center\"><strong>Gr\u00f6\u00dfe<\/strong><\/td><td class=\"has-text-align-right\" data-align=\"right\"><strong>Preis nur Logo<\/strong><\/td><td class=\"has-text-align-right\" data-align=\"right\"><strong>Preis Logo und Schrift<\/strong><\/td><\/tr><tr><td>Polo-Shirt schwarz<\/td><td class=\"has-text-align-center\" data-align=\"center\">xs &#8211; 2xl<\/td><td class=\"has-text-align-right\" data-align=\"right\">29,76 \u20ac<\/td><td class=\"has-text-align-right\" data-align=\"right\">36,76 \u20ac<\/td><\/tr><tr><td>Polo-Shirt schwarz<\/td><td class=\"has-text-align-center\" data-align=\"center\">3xl &#8211; 4xl<\/td><td class=\"has-text-align-right\" data-align=\"right\">31,90 \u20ac<\/td><td class=\"has-text-align-right\" data-align=\"right\">38,90 \u20ac<\/td><\/tr><tr><td>Polo-Shirt schwarz<\/td><td class=\"has-text-align-center\" data-align=\"center\">5xl &#8211; 6xl<\/td><td class=\"has-text-align-right\" data-align=\"right\">34,04 \u20ac<\/td><td class=\"has-text-align-right\" data-align=\"right\">41,04 \u20ac<\/td><\/tr><tr><td>Polo-Shirt wei\u00df<\/td><td class=\"has-text-align-center\" data-align=\"center\">xs &#8211; 2xl<\/td><td class=\"has-text-align-right\" data-align=\"right\">28,41 \u20ac<\/td><td class=\"has-text-align-right\" data-align=\"right\">35,41 \u20ac<\/td><\/tr><tr><td>Polo-Shirt wei\u00df<\/td><td class=\"has-text-align-center\" data-align=\"center\">3xl &#8211; 4xl<\/td><td class=\"has-text-align-right\" data-align=\"right\">30,42 \u20ac<\/td><td class=\"has-text-align-right\" data-align=\"right\">37,42 \u20ac<\/td><\/tr><tr><td>Polo-Shirt wei\u00df<\/td><td class=\"has-text-align-center\" data-align=\"center\">5xl &#8211; 6xl<\/td><td class=\"has-text-align-right\" data-align=\"right\">32,42 \u20ac<\/td><td class=\"has-text-align-right\" data-align=\"right\">39,42 \u20ac<\/td><\/tr><tr><td>T-Shirt schwarz<\/td><td class=\"has-text-align-center\" data-align=\"center\">xs &#8211; 2xl<\/td><td class=\"has-text-align-right\" data-align=\"right\">18,21 \u20ac<\/td><td class=\"has-text-align-right\" data-align=\"right\">25,21 \u20ac<\/td><\/tr><tr><td>T-Shirt schwarz<\/td><td class=\"has-text-align-center\" data-align=\"center\">3xl &#8211; 4xl<\/td><td class=\"has-text-align-right\" data-align=\"right\">19,20 \u20ac<\/td><td class=\"has-text-align-right\" data-align=\"right\">26,20 \u20ac<\/td><\/tr><tr><td>T-Shirt schwarz<\/td><td class=\"has-text-align-center\" data-align=\"center\">5xl &#8211; 6xl<\/td><td class=\"has-text-align-right\" data-align=\"right\">20,18 \u20ac<\/td><td class=\"has-text-align-right\" data-align=\"right\">27,18 \u20ac<\/td><\/tr><tr><td>T-Shirt wei\u00df<\/td><td class=\"has-text-align-center\" data-align=\"center\">xs &#8211; 2xl<\/td><td class=\"has-text-align-right\" data-align=\"right\">17,39 \u20ac<\/td><td class=\"has-text-align-right\" data-align=\"right\">24,39 \u20ac<\/td><\/tr><tr><td>T-Shirt wei\u00df<\/td><td class=\"has-text-align-center\" data-align=\"center\">3xl &#8211; 4xl<\/td><td class=\"has-text-align-right\" data-align=\"right\">18,29 \u20ac<\/td><td class=\"has-text-align-right\" data-align=\"right\">25,29 \u20ac<\/td><\/tr><tr><td>T-Shirt wei\u00df<\/td><td class=\"has-text-align-center\" data-align=\"center\">5xl &#8211; 6xl<\/td><td class=\"has-text-align-right\" data-align=\"right\">19,20 \u20ac<\/td><td class=\"has-text-align-right\" data-align=\"right\">26,20 \u20ac<\/td><\/tr><tr><td>Sweat Jacke schwarz<\/td><td class=\"has-text-align-center\" data-align=\"center\">xs &#8211; 2xl<\/td><td class=\"has-text-align-right\" data-align=\"right\">54,68 \u20ac<\/td><td class=\"has-text-align-right\" data-align=\"right\">58,68 \u20ac<\/td><\/tr><tr><td>Sweat Jacke schwarz<\/td><td class=\"has-text-align-center\" data-align=\"center\">3xl<\/td><td class=\"has-text-align-right\" data-align=\"right\">56,01 \u20ac<\/td><td class=\"has-text-align-right\" data-align=\"right\">63,01 \u20ac<\/td><\/tr><tr><td>Sweat Jacke wei\u00df<\/td><td class=\"has-text-align-center\" data-align=\"center\">xs &#8211; 2xl<\/td><td class=\"has-text-align-right\" data-align=\"right\">51,68 \u20ac<\/td><td class=\"has-text-align-right\" data-align=\"right\">58,68 \u20ac<\/td><\/tr><tr><td>Sweat Jacke wei\u00df<\/td><td class=\"has-text-align-center\" data-align=\"center\">3xl<\/td><td class=\"has-text-align-right\" data-align=\"right\">56,01 \u20ac<\/td><td class=\"has-text-align-right\" data-align=\"right\">63,01 \u20ac<\/td><\/tr><tr><td>Kapuzen Sweat<\/td><td class=\"has-text-align-center\" data-align=\"center\">xs &#8211; 2xl<\/td><td class=\"has-text-align-right\" data-align=\"right\">58,67 \u20ac<\/td><td class=\"has-text-align-right\" data-align=\"right\">65,67 \u20ac<\/td><\/tr><tr><td>Kapuzen Sweat<\/td><td class=\"has-text-align-center\" data-align=\"center\">3xl<\/td><td class=\"has-text-align-right\" data-align=\"right\">63,70 \u20ac<\/td><td class=\"has-text-align-right\" data-align=\"right\">70,70 \u20ac<\/td><\/tr><tr><td>Softshell Jacke<\/td><td class=\"has-text-align-center\" data-align=\"center\">xs &#8211; 2xl<\/td><td class=\"has-text-align-right\" data-align=\"right\">68,67 \u20ac<\/td><td class=\"has-text-align-right\" data-align=\"right\">75,67 \u20ac<\/td><\/tr><tr><td>Softshell Jacke<\/td><td class=\"has-text-align-center\" data-align=\"center\">3xl &#8211; 4xl<\/td><td class=\"has-text-align-right\" data-align=\"right\">74,70 \u20ac<\/td><td class=\"has-text-align-right\" data-align=\"right\">81,70 \u20ac<\/td><\/tr><tr><td>Softshell Jacke<\/td><td class=\"has-text-align-center\" data-align=\"center\">5xl &#8211; 6xl<\/td><td class=\"has-text-align-right\" data-align=\"right\">81,24 \u20ac<\/td><td class=\"has-text-align-right\" data-align=\"right\">88,24 \u20ac<\/td><\/tr><\/tbody><\/table><\/figure>\n\n\n\n<p><\/p>\n","protected":false},"excerpt":{"rendered":"<p>Bei Thomas Koch in Euren kann auf Wunsch direkt die gew\u00fcnschte Vereinskleidung bestellt werden. Bestellung und Bezahlung erfolgt durch jeden selbst direkt vor Ort. Thomas Koch Berufsbekleidung Berufsbekleidung GmbH &amp; Co. KG ZentraleOttostra\u00dfe 2754294 Trier Alle Preise ohne Gew\u00e4hr (Preiserh\u00f6hungen seitens Firma Koch vorbehalten). Alle Preise verstehen sich zzgl. 19 % MwSt. Preistabelle Herren Produkt Gr\u00f6\u00dfe Preis nur Logo Preis Logo und Schrift Polo-Shirt schwarz xs &#8211; 2xl 30,75 \u20ac 37,75 \u20ac Polo-Shirt schwarz 3xl &#8211; 4xl 32,74 \u20ac 39,74 \u20ac Polo-Shirt schwarz 5xl &#8211; 6xl 35,23 \u20ac 42,23 \u20ac Polo-Shirt wei\u00df xs &#8211; 2xl 28,98 \u20ac 35,98 \u20ac Polo-Shirt wei\u00df 3xl &#8211; 4xl 30,81 \u20ac 37,81 \u20ac Polo-Shirt wei\u00df 5xl &#8211; 6xl 33,11 \u20ac 40,11 \u20ac T-Shirt schwarz xs &#8211; 2xl 18,24 \u20ac 25,24 \u20ac T-Shirt schwarz 3xl &#8211; 4xl 19,23 \u20ac 26,23 \u20ac T-Shirt schwarz 5xl &#8211; 6xl 20,22 \u20ac 27,22 \u20ac T-Shirt wei\u00df xs &#8211; 2xl 17,40 \u20ac 24,40 \u20ac T-Shirt wei\u00df 3xl &#8211; 4xl 18,30 \u20ac 25,30 \u20ac T-Shirt wei\u00df 5xl &#8211; 6xl 19,21 \u20ac 26,21 \u20ac Sweat Jacke schwarz xs &#8211; 2xl 51,69 \u20ac 58,69 \u20ac Sweat Jacke schwarz 3xl &#8211; 4xl 56,02 \u20ac 63,02 \u20ac Sweat Jacke schwarz 5xl &#8211; 6xl 60,90 \u20ac 67,90 [&hellip;]<\/p>\n","protected":false},"author":1,"featured_media":0,"parent":0,"menu_order":0,"comment_status":"closed","ping_status":"closed","template":"","meta":{"ngg_post_thumbnail":0,"footnotes":""},"class_list":["post-11348","page","type-page","status-publish","hentry"],"yoast_head":"<!-- This site is optimized with the Yoast SEO plugin v26.4 - https:\/\/yoast.com\/wordpress\/plugins\/seo\/ -->\n<title>Infos zur Vereinsbekleidung - KG Trier-S\u00fcd 1923 e. V.<\/title>\n<meta name=\"robots\" content=\"index, follow, max-snippet:-1, max-image-preview:large, max-video-preview:-1\" \/>\n<link rel=\"canonical\" href=\"https:\/\/www.kg-trier-sued.de\/index.php\/infos-zur-vereinsbekleidung\/\" \/>\n<meta property=\"og:locale\" content=\"de_DE\" \/>\n<meta property=\"og:type\" content=\"article\" \/>\n<meta property=\"og:title\" content=\"Infos zur Vereinsbekleidung - KG Trier-S\u00fcd 1923 e. V.\" \/>\n<meta property=\"og:description\" content=\"Bei Thomas Koch in Euren kann auf Wunsch direkt die gew\u00fcnschte Vereinskleidung bestellt werden. Bestellung und Bezahlung erfolgt durch jeden selbst direkt vor Ort. Thomas Koch Berufsbekleidung Berufsbekleidung GmbH &amp; Co. KG ZentraleOttostra\u00dfe 2754294 Trier Alle Preise ohne Gew\u00e4hr (Preiserh\u00f6hungen seitens Firma Koch vorbehalten). Alle Preise verstehen sich zzgl. 19 % MwSt. Preistabelle Herren Produkt Gr\u00f6\u00dfe Preis nur Logo Preis Logo und Schrift Polo-Shirt schwarz xs &#8211; 2xl 30,75 \u20ac 37,75 \u20ac Polo-Shirt schwarz 3xl &#8211; 4xl 32,74 \u20ac 39,74 \u20ac Polo-Shirt schwarz 5xl &#8211; 6xl 35,23 \u20ac 42,23 \u20ac Polo-Shirt wei\u00df xs &#8211; 2xl 28,98 \u20ac 35,98 \u20ac Polo-Shirt wei\u00df 3xl &#8211; 4xl 30,81 \u20ac 37,81 \u20ac Polo-Shirt wei\u00df 5xl &#8211; 6xl 33,11 \u20ac 40,11 \u20ac T-Shirt schwarz xs &#8211; 2xl 18,24 \u20ac 25,24 \u20ac T-Shirt schwarz 3xl &#8211; 4xl 19,23 \u20ac 26,23 \u20ac T-Shirt schwarz 5xl &#8211; 6xl 20,22 \u20ac 27,22 \u20ac T-Shirt wei\u00df xs &#8211; 2xl 17,40 \u20ac 24,40 \u20ac T-Shirt wei\u00df 3xl &#8211; 4xl 18,30 \u20ac 25,30 \u20ac T-Shirt wei\u00df 5xl &#8211; 6xl 19,21 \u20ac 26,21 \u20ac Sweat Jacke schwarz xs &#8211; 2xl 51,69 \u20ac 58,69 \u20ac Sweat Jacke schwarz 3xl &#8211; 4xl 56,02 \u20ac 63,02 \u20ac Sweat Jacke schwarz 5xl &#8211; 6xl 60,90 \u20ac 67,90 [&hellip;]\" \/>\n<meta property=\"og:url\" content=\"https:\/\/www.kg-trier-sued.de\/index.php\/infos-zur-vereinsbekleidung\/\" \/>\n<meta property=\"og:site_name\" content=\"KG Trier-S\u00fcd 1923 e. V.\" \/>\n<meta property=\"article:publisher\" content=\"https:\/\/www.facebook.com\/HalleamBach\" \/>\n<meta property=\"article:modified_time\" content=\"2025-01-30T06:18:31+00:00\" \/>\n<meta name=\"twitter:card\" content=\"summary_large_image\" \/>\n<meta name=\"twitter:label1\" content=\"Gesch\u00e4tzte Lesezeit\" \/>\n\t<meta name=\"twitter:data1\" content=\"3\u00a0Minuten\" \/>\n<script type=\"application\/ld+json\" class=\"yoast-schema-graph\">{\"@context\":\"https:\/\/schema.org\",\"@graph\":[{\"@type\":\"WebPage\",\"@id\":\"https:\/\/www.kg-trier-sued.de\/index.php\/infos-zur-vereinsbekleidung\/\",\"url\":\"https:\/\/www.kg-trier-sued.de\/index.php\/infos-zur-vereinsbekleidung\/\",\"name\":\"Infos zur Vereinsbekleidung - KG Trier-S\u00fcd 1923 e. V.\",\"isPartOf\":{\"@id\":\"https:\/\/www.kg-trier-sued.de\/#website\"},\"datePublished\":\"2025-01-29T12:10:19+00:00\",\"dateModified\":\"2025-01-30T06:18:31+00:00\",\"breadcrumb\":{\"@id\":\"https:\/\/www.kg-trier-sued.de\/index.php\/infos-zur-vereinsbekleidung\/#breadcrumb\"},\"inLanguage\":\"de\",\"potentialAction\":[{\"@type\":\"ReadAction\",\"target\":[\"https:\/\/www.kg-trier-sued.de\/index.php\/infos-zur-vereinsbekleidung\/\"]}]},{\"@type\":\"BreadcrumbList\",\"@id\":\"https:\/\/www.kg-trier-sued.de\/index.php\/infos-zur-vereinsbekleidung\/#breadcrumb\",\"itemListElement\":[{\"@type\":\"ListItem\",\"position\":1,\"name\":\"Startseite\",\"item\":\"https:\/\/www.kg-trier-sued.de\/\"},{\"@type\":\"ListItem\",\"position\":2,\"name\":\"Infos zur Vereinsbekleidung\"}]},{\"@type\":\"WebSite\",\"@id\":\"https:\/\/www.kg-trier-sued.de\/#website\",\"url\":\"https:\/\/www.kg-trier-sued.de\/\",\"name\":\"KG Trier-S\u00fcd 1923 e. V.\",\"description\":\"\",\"potentialAction\":[{\"@type\":\"SearchAction\",\"target\":{\"@type\":\"EntryPoint\",\"urlTemplate\":\"https:\/\/www.kg-trier-sued.de\/?s={search_term_string}\"},\"query-input\":{\"@type\":\"PropertyValueSpecification\",\"valueRequired\":true,\"valueName\":\"search_term_string\"}}],\"inLanguage\":\"de\"}]}<\/script>\n<!-- \/ Yoast SEO plugin. -->","yoast_head_json":{"title":"Infos zur Vereinsbekleidung - KG Trier-S\u00fcd 1923 e. V.","robots":{"index":"index","follow":"follow","max-snippet":"max-snippet:-1","max-image-preview":"max-image-preview:large","max-video-preview":"max-video-preview:-1"},"canonical":"https:\/\/www.kg-trier-sued.de\/index.php\/infos-zur-vereinsbekleidung\/","og_locale":"de_DE","og_type":"article","og_title":"Infos zur Vereinsbekleidung - KG Trier-S\u00fcd 1923 e. V.","og_description":"Bei Thomas Koch in Euren kann auf Wunsch direkt die gew\u00fcnschte Vereinskleidung bestellt werden. Bestellung und Bezahlung erfolgt durch jeden selbst direkt vor Ort. Thomas Koch Berufsbekleidung Berufsbekleidung GmbH &amp; Co. KG ZentraleOttostra\u00dfe 2754294 Trier Alle Preise ohne Gew\u00e4hr (Preiserh\u00f6hungen seitens Firma Koch vorbehalten). Alle Preise verstehen sich zzgl. 19 % MwSt. Preistabelle Herren Produkt Gr\u00f6\u00dfe Preis nur Logo Preis Logo und Schrift Polo-Shirt schwarz xs &#8211; 2xl 30,75 \u20ac 37,75 \u20ac Polo-Shirt schwarz 3xl &#8211; 4xl 32,74 \u20ac 39,74 \u20ac Polo-Shirt schwarz 5xl &#8211; 6xl 35,23 \u20ac 42,23 \u20ac Polo-Shirt wei\u00df xs &#8211; 2xl 28,98 \u20ac 35,98 \u20ac Polo-Shirt wei\u00df 3xl &#8211; 4xl 30,81 \u20ac 37,81 \u20ac Polo-Shirt wei\u00df 5xl &#8211; 6xl 33,11 \u20ac 40,11 \u20ac T-Shirt schwarz xs &#8211; 2xl 18,24 \u20ac 25,24 \u20ac T-Shirt schwarz 3xl &#8211; 4xl 19,23 \u20ac 26,23 \u20ac T-Shirt schwarz 5xl &#8211; 6xl 20,22 \u20ac 27,22 \u20ac T-Shirt wei\u00df xs &#8211; 2xl 17,40 \u20ac 24,40 \u20ac T-Shirt wei\u00df 3xl &#8211; 4xl 18,30 \u20ac 25,30 \u20ac T-Shirt wei\u00df 5xl &#8211; 6xl 19,21 \u20ac 26,21 \u20ac Sweat Jacke schwarz xs &#8211; 2xl 51,69 \u20ac 58,69 \u20ac Sweat Jacke schwarz 3xl &#8211; 4xl 56,02 \u20ac 63,02 \u20ac Sweat Jacke schwarz 5xl &#8211; 6xl 60,90 \u20ac 67,90 [&hellip;]","og_url":"https:\/\/www.kg-trier-sued.de\/index.php\/infos-zur-vereinsbekleidung\/","og_site_name":"KG Trier-S\u00fcd 1923 e. V.","article_publisher":"https:\/\/www.facebook.com\/HalleamBach","article_modified_time":"2025-01-30T06:18:31+00:00","twitter_card":"summary_large_image","twitter_misc":{"Gesch\u00e4tzte Lesezeit":"3\u00a0Minuten"},"schema":{"@context":"https:\/\/schema.org","@graph":[{"@type":"WebPage","@id":"https:\/\/www.kg-trier-sued.de\/index.php\/infos-zur-vereinsbekleidung\/","url":"https:\/\/www.kg-trier-sued.de\/index.php\/infos-zur-vereinsbekleidung\/","name":"Infos zur Vereinsbekleidung - KG Trier-S\u00fcd 1923 e. V.","isPartOf":{"@id":"https:\/\/www.kg-trier-sued.de\/#website"},"datePublished":"2025-01-29T12:10:19+00:00","dateModified":"2025-01-30T06:18:31+00:00","breadcrumb":{"@id":"https:\/\/www.kg-trier-sued.de\/index.php\/infos-zur-vereinsbekleidung\/#breadcrumb"},"inLanguage":"de","potentialAction":[{"@type":"ReadAction","target":["https:\/\/www.kg-trier-sued.de\/index.php\/infos-zur-vereinsbekleidung\/"]}]},{"@type":"BreadcrumbList","@id":"https:\/\/www.kg-trier-sued.de\/index.php\/infos-zur-vereinsbekleidung\/#breadcrumb","itemListElement":[{"@type":"ListItem","position":1,"name":"Startseite","item":"https:\/\/www.kg-trier-sued.de\/"},{"@type":"ListItem","position":2,"name":"Infos zur Vereinsbekleidung"}]},{"@type":"WebSite","@id":"https:\/\/www.kg-trier-sued.de\/#website","url":"https:\/\/www.kg-trier-sued.de\/","name":"KG Trier-S\u00fcd 1923 e. V.","description":"","potentialAction":[{"@type":"SearchAction","target":{"@type":"EntryPoint","urlTemplate":"https:\/\/www.kg-trier-sued.de\/?s={search_term_string}"},"query-input":{"@type":"PropertyValueSpecification","valueRequired":true,"valueName":"search_term_string"}}],"inLanguage":"de"}]}},"_links":{"self":[{"href":"https:\/\/www.kg-trier-sued.de\/index.php\/wp-json\/wp\/v2\/pages\/11348","targetHints":{"allow":["GET"]}}],"collection":[{"href":"https:\/\/www.kg-trier-sued.de\/index.php\/wp-json\/wp\/v2\/pages"}],"about":[{"href":"https:\/\/www.kg-trier-sued.de\/index.php\/wp-json\/wp\/v2\/types\/page"}],"author":[{"embeddable":true,"href":"https:\/\/www.kg-trier-sued.de\/index.php\/wp-json\/wp\/v2\/users\/1"}],"replies":[{"embeddable":true,"href":"https:\/\/www.kg-trier-sued.de\/index.php\/wp-json\/wp\/v2\/comments?post=11348"}],"version-history":[{"count":0,"href":"https:\/\/www.kg-trier-sued.de\/index.php\/wp-json\/wp\/v2\/pages\/11348\/revisions"}],"wp:attachment":[{"href":"https:\/\/www.kg-trier-sued.de\/index.php\/wp-json\/wp\/v2\/media?parent=11348"}],"curies":[{"name":"wp","href":"https:\/\/api.w.org\/{rel}","templated":true}]}}